{"id":13,"date":"2016-12-28T19:23:38","date_gmt":"2016-12-28T19:23:38","guid":{"rendered":"http:\/\/wp12226213.server-he.ch\/wp\/?page_id=13"},"modified":"2021-03-12T20:08:28","modified_gmt":"2021-03-12T19:08:28","slug":"angebote","status":"publish","type":"page","link":"http:\/\/jugendtreffmetro.ch\/?page_id=13","title":{"rendered":"Angebote"},"content":{"rendered":"\n<figure class=\"wp-block-image size-large\"><a href=\"http:\/\/jugendtreffmetro.ch\/wp-content\/uploads\/2021\/03\/emilie-farris-xt4Nj_S2iYs-unsplash-scaled.jpg\"><img loading=\"lazy\" width=\"1020\" height=\"680\" src=\"http:\/\/jugendtreffmetro.ch\/wp-content\/uploads\/2021\/03\/emilie-farris-xt4Nj_S2iYs-unsplash-1020x680.jpg\" alt=\"\" class=\"wp-image-756\" srcset=\"http:\/\/jugendtreffmetro.ch\/wp-content\/uploads\/2021\/03\/emilie-farris-xt4Nj_S2iYs-unsplash-1020x680.jpg 1020w, http:\/\/jugendtreffmetro.ch\/wp-content\/uploads\/2021\/03\/emilie-farris-xt4Nj_S2iYs-unsplash-632x422.jpg 632w, http:\/\/jugendtreffmetro.ch\/wp-content\/uploads\/2021\/03\/emilie-farris-xt4Nj_S2iYs-unsplash-768x512.jpg 768w, http:\/\/jugendtreffmetro.ch\/wp-content\/uploads\/2021\/03\/emilie-farris-xt4Nj_S2iYs-unsplash-1536x1025.jpg 1536w, http:\/\/jugendtreffmetro.ch\/wp-content\/uploads\/2021\/03\/emilie-farris-xt4Nj_S2iYs-unsplash-2048x1366.jpg 2048w\" sizes=\"(max-width: 1020px) 100vw, 1020px\" \/><\/a><\/figure>\n\n\n<p>Billard, Gesellschaftsspiele, Kino, Lichtanlage, Mischpult | Sound, PC mit Internet, Tischfussball, Tischtennis, TV, Beamer und Games<\/p>\n<hr \/>\n<p>Nat\u00fcrlich gibt es auch immer etwas Gutes zum Essen hinter der Bar: Pommes, Pizza, Knoblibrot und auch saisonale Fr\u00fcchte d\u00fcrfen nicht fehlen<\/p>\n<p>Softdrinks wie Gazosa, Sinalco, Coca-Cola, Karamalz, Bilz, \u00a0Sprite und ab und zu etwas Neues und Spezielles<\/p>\n<p>Snacks und Sweeties selbstverst\u00e4ndlich als Grundausstattung<\/p>\n<hr \/>\n<p>In lockeren Abst\u00e4nden oder auf Wunsch:<\/p>\n<p>gemeinsames Kochen, Snowboarden und Skifahren, Graffiti sprayen, Filmabende, Ausfl\u00fcge, Fussball, Basketball und vieles mehr!<\/p>\n<hr \/>\n<p>Auf speziellen Wunsch kann der Jugendtreff auch mal f\u00fcr eine Party gemietet werden. Dies bitte bei den Treffleitern anfragen.<\/p>\n\n\n<figure class=\"wp-block-image size-large\"><a href=\"http:\/\/jugendtreffmetro.ch\/wp-content\/uploads\/2021\/03\/Bildschirmfoto-2021-03-12-um-20.05.27.png\"><img loading=\"lazy\" width=\"950\" height=\"713\" src=\"http:\/\/jugendtreffmetro.ch\/wp-content\/uploads\/2021\/03\/Bildschirmfoto-2021-03-12-um-20.05.27.png\" alt=\"\" class=\"wp-image-759\" srcset=\"http:\/\/jugendtreffmetro.ch\/wp-content\/uploads\/2021\/03\/Bildschirmfoto-2021-03-12-um-20.05.27.png 950w, http:\/\/jugendtreffmetro.ch\/wp-content\/uploads\/2021\/03\/Bildschirmfoto-2021-03-12-um-20.05.27-632x474.png 632w, http:\/\/jugendtreffmetro.ch\/wp-content\/uploads\/2021\/03\/Bildschirmfoto-2021-03-12-um-20.05.27-768x576.png 768w\" sizes=\"(max-width: 950px) 100vw, 950px\" \/><\/a><\/figure>\n","protected":false},"excerpt":{"rendered":"<p>Billard, Gesellschaftsspiele, Kino, Lichtanlage, Mischpult | Sound, PC mit Internet, Tischfussball, Tischtennis, TV, Beamer und Games Nat\u00fcrlich gibt es auch immer etwas Gutes zum Essen hinter der Bar: Pommes, Pizza, Knoblibrot und auch saisonale&#46;&#46;&#46;<\/p>\n","protected":false},"author":1,"featured_media":0,"parent":0,"menu_order":0,"comment_status":"closed","ping_status":"closed","template":"","meta":[],"_links":{"self":[{"href":"http:\/\/jugendtreffmetro.ch\/index.php?rest_route=\/wp\/v2\/pages\/13"}],"collection":[{"href":"http:\/\/jugendtreffmetro.ch\/index.php?rest_route=\/wp\/v2\/pages"}],"about":[{"href":"http:\/\/jugendtreffmetro.ch\/index.php?rest_route=\/wp\/v2\/types\/page"}],"author":[{"embeddable":true,"href":"http:\/\/jugendtreffmetro.ch\/index.php?rest_route=\/wp\/v2\/users\/1"}],"replies":[{"embeddable":true,"href":"http:\/\/jugendtreffmetro.ch\/index.php?rest_route=%2Fwp%2Fv2%2Fcomments&post=13"}],"version-history":[{"count":6,"href":"http:\/\/jugendtreffmetro.ch\/index.php?rest_route=\/wp\/v2\/pages\/13\/revisions"}],"predecessor-version":[{"id":760,"href":"http:\/\/jugendtreffmetro.ch\/index.php?rest_route=\/wp\/v2\/pages\/13\/revisions\/760"}],"wp:attachment":[{"href":"http:\/\/jugendtreffmetro.ch\/index.php?rest_route=%2Fwp%2Fv2%2Fmedia&parent=13"}],"curies":[{"name":"wp","href":"https:\/\/api.w.org\/{rel}","templated":true}]}}