{"id":247,"date":"2017-11-24T20:28:09","date_gmt":"2017-11-24T19:28:09","guid":{"rendered":"http:\/\/jugendtreffmetro.ch\/?page_id=247"},"modified":"2023-12-22T19:28:18","modified_gmt":"2023-12-22T18:28:18","slug":"meitlitreff","status":"publish","type":"page","link":"http:\/\/jugendtreffmetro.ch\/?page_id=247","title":{"rendered":"Meitlitreff"},"content":{"rendered":"\n<figure class=\"wp-block-image size-large\"><a href=\"http:\/\/jugendtreffmetro.ch\/wp-content\/uploads\/2023\/12\/Bildschirmfoto-2023-12-22-um-19.25.45.png\"><img loading=\"lazy\" width=\"888\" height=\"630\" src=\"http:\/\/jugendtreffmetro.ch\/wp-content\/uploads\/2023\/12\/Bildschirmfoto-2023-12-22-um-19.25.45.png\" alt=\"\" class=\"wp-image-937\" srcset=\"http:\/\/jugendtreffmetro.ch\/wp-content\/uploads\/2023\/12\/Bildschirmfoto-2023-12-22-um-19.25.45.png 888w, http:\/\/jugendtreffmetro.ch\/wp-content\/uploads\/2023\/12\/Bildschirmfoto-2023-12-22-um-19.25.45-632x448.png 632w, http:\/\/jugendtreffmetro.ch\/wp-content\/uploads\/2023\/12\/Bildschirmfoto-2023-12-22-um-19.25.45-768x545.png 768w\" sizes=\"(max-width: 888px) 100vw, 888px\" \/><\/a><\/figure>\n\n\n<p>Hast du Lust auf ein T\u00f6ggelitunier, Billardspiel, Rundlauf, kochen, backen, tanzen?<\/p>\n<p>M\u00f6chtest du etwas organisieren? Ausflug, Party, Kinoabend?<\/p>\n<p>Besch\u00e4ftigen dich die Themen Familie, Erziehung, Schule, Mobbing, Erwachsen werden?<\/p>\n<p>Der Jugendtreff Metro bietet einmal im Monat Raum und Zeit f\u00fcr dich und deine Freundinnen. Wir bieten einen Rahmen f\u00fcr Selbstbestimmung und gechilltes Zusammensein. Wir unterst\u00fctzen dich\/euch.<\/p>\n<p>N\u00e4chster Meitlitreff:<\/p>\n<p>Donnerstag 4. Januar 2024 18.00 Uhr<\/p>\n<p>\u00a0Zusammen Spaghetti kochen \ud83d\ude42<\/p>","protected":false},"excerpt":{"rendered":"<p>Hast du Lust auf ein T\u00f6ggelitunier, Billardspiel, Rundlauf, kochen, backen, tanzen? M\u00f6chtest du etwas organisieren? Ausflug, Party, Kinoabend? Besch\u00e4ftigen dich die Themen Familie, Erziehung, Schule, Mobbing, Erwachsen werden? Der Jugendtreff Metro bietet einmal im&#46;&#46;&#46;<\/p>\n","protected":false},"author":1,"featured_media":0,"parent":0,"menu_order":0,"comment_status":"closed","ping_status":"closed","template":"","meta":[],"_links":{"self":[{"href":"http:\/\/jugendtreffmetro.ch\/index.php?rest_route=\/wp\/v2\/pages\/247"}],"collection":[{"href":"http:\/\/jugendtreffmetro.ch\/index.php?rest_route=\/wp\/v2\/pages"}],"about":[{"href":"http:\/\/jugendtreffmetro.ch\/index.php?rest_route=\/wp\/v2\/types\/page"}],"author":[{"embeddable":true,"href":"http:\/\/jugendtreffmetro.ch\/index.php?rest_route=\/wp\/v2\/users\/1"}],"replies":[{"embeddable":true,"href":"http:\/\/jugendtreffmetro.ch\/index.php?rest_route=%2Fwp%2Fv2%2Fcomments&post=247"}],"version-history":[{"count":16,"href":"http:\/\/jugendtreffmetro.ch\/index.php?rest_route=\/wp\/v2\/pages\/247\/revisions"}],"predecessor-version":[{"id":939,"href":"http:\/\/jugendtreffmetro.ch\/index.php?rest_route=\/wp\/v2\/pages\/247\/revisions\/939"}],"wp:attachment":[{"href":"http:\/\/jugendtreffmetro.ch\/index.php?rest_route=%2Fwp%2Fv2%2Fmedia&parent=247"}],"curies":[{"name":"wp","href":"https:\/\/api.w.org\/{rel}","templated":true}]}}