{"id":77,"date":"2016-12-29T09:43:50","date_gmt":"2016-12-29T08:43:50","guid":{"rendered":"http:\/\/wp12226213.server-he.ch\/wp\/?page_id=77"},"modified":"2021-03-03T16:26:52","modified_gmt":"2021-03-03T15:26:52","slug":"raeumlichkeiten","status":"publish","type":"page","link":"http:\/\/jugendtreffmetro.ch\/?page_id=77","title":{"rendered":"R\u00e4umlichkeiten"},"content":{"rendered":"<p>Das ist der Jugendtreff von aussen. Der Standort ist zwischen der Schule, dem Gemeindegeb\u00e4ude und der reformierten Kirchgemeinde.<\/p>\n<p>Die Graffitis gestalten und f\u00fcllen unsere R\u00e4ume. Diese wurden von den Jugendlichen selbst gemacht.<\/p>\n<p>Im Sommer stellen wir die Sofas auf unseren Vorplatz. So k\u00f6nnen sich die Jugendlichen auch draussen aufhalten, Feuer machen, grillieren oder einfach nur chillen..<\/p>\n<p><a href=\"http:\/\/wp12226213.server-he.ch\/wp\/wp-content\/uploads\/2016\/12\/MkY3NTdBNEEtNUEwMi00RjUxLUFCQjQtMTAwMjc5QTk2Q0IyQHYuY2FibGVjb20ubmV0jsessionidE24990870FE63E55D1A11A14761112C1-n1-1.jpg\"><img loading=\"lazy\" class=\"alignnone size-medium wp-image-191\" src=\"http:\/\/wp12226213.server-he.ch\/wp\/wp-content\/uploads\/2016\/12\/MkY3NTdBNEEtNUEwMi00RjUxLUFCQjQtMTAwMjc5QTk2Q0IyQHYuY2FibGVjb20ubmV0jsessionidE24990870FE63E55D1A11A14761112C1-n1-1-632x421.jpg\" alt=\"\" width=\"632\" height=\"421\" srcset=\"http:\/\/jugendtreffmetro.ch\/wp-content\/uploads\/2016\/12\/MkY3NTdBNEEtNUEwMi00RjUxLUFCQjQtMTAwMjc5QTk2Q0IyQHYuY2FibGVjb20ubmV0jsessionidE24990870FE63E55D1A11A14761112C1-n1-1-632x421.jpg 632w, http:\/\/jugendtreffmetro.ch\/wp-content\/uploads\/2016\/12\/MkY3NTdBNEEtNUEwMi00RjUxLUFCQjQtMTAwMjc5QTk2Q0IyQHYuY2FibGVjb20ubmV0jsessionidE24990870FE63E55D1A11A14761112C1-n1-1-768x512.jpg 768w, http:\/\/jugendtreffmetro.ch\/wp-content\/uploads\/2016\/12\/MkY3NTdBNEEtNUEwMi00RjUxLUFCQjQtMTAwMjc5QTk2Q0IyQHYuY2FibGVjb20ubmV0jsessionidE24990870FE63E55D1A11A14761112C1-n1-1-1020x680.jpg 1020w\" sizes=\"(max-width: 632px) 100vw, 632px\" \/><\/a><a href=\"http:\/\/wp12226213.server-he.ch\/wp\/wp-content\/uploads\/2016\/12\/IMG_1931.jpg\"><img loading=\"lazy\" class=\"alignnone size-medium wp-image-147\" src=\"http:\/\/wp12226213.server-he.ch\/wp\/wp-content\/uploads\/2016\/12\/IMG_1931-632x474.jpg\" alt=\"\" width=\"632\" height=\"474\" srcset=\"http:\/\/jugendtreffmetro.ch\/wp-content\/uploads\/2016\/12\/IMG_1931-632x474.jpg 632w, http:\/\/jugendtreffmetro.ch\/wp-content\/uploads\/2016\/12\/IMG_1931-768x576.jpg 768w, http:\/\/jugendtreffmetro.ch\/wp-content\/uploads\/2016\/12\/IMG_1931-1020x765.jpg 1020w\" sizes=\"(max-width: 632px) 100vw, 632px\" \/><\/a><a href=\"http:\/\/wp12226213.server-he.ch\/wp\/wp-content\/uploads\/2016\/12\/IMG_4621.jpg\"><img loading=\"lazy\" class=\"alignnone wp-image-164 size-medium\" src=\"http:\/\/jugendtreffmetro.ch\/wp-content\/uploads\/2016\/12\/IMG_4621-632x474.jpg\" alt=\"Von Aussen\" width=\"632\" height=\"474\" srcset=\"http:\/\/jugendtreffmetro.ch\/wp-content\/uploads\/2016\/12\/IMG_4621-632x474.jpg 632w, http:\/\/jugendtreffmetro.ch\/wp-content\/uploads\/2016\/12\/IMG_4621-768x576.jpg 768w, http:\/\/jugendtreffmetro.ch\/wp-content\/uploads\/2016\/12\/IMG_4621-1020x765.jpg 1020w, http:\/\/jugendtreffmetro.ch\/wp-content\/uploads\/2016\/12\/IMG_4621.jpg 1600w\" sizes=\"(max-width: 632px) 100vw, 632px\" \/><\/a><\/p>\n\n\n<figure class=\"wp-block-image size-large\"><a href=\"http:\/\/jugendtreffmetro.ch\/wp-content\/uploads\/2021\/03\/IMG_5604-scaled.jpg\"><img loading=\"lazy\" width=\"1020\" height=\"765\" src=\"http:\/\/jugendtreffmetro.ch\/wp-content\/uploads\/2021\/03\/IMG_5604-1020x765.jpg\" alt=\"\" class=\"wp-image-707\" srcset=\"http:\/\/jugendtreffmetro.ch\/wp-content\/uploads\/2021\/03\/IMG_5604-1020x765.jpg 1020w, http:\/\/jugendtreffmetro.ch\/wp-content\/uploads\/2021\/03\/IMG_5604-632x474.jpg 632w, http:\/\/jugendtreffmetro.ch\/wp-content\/uploads\/2021\/03\/IMG_5604-768x576.jpg 768w, http:\/\/jugendtreffmetro.ch\/wp-content\/uploads\/2021\/03\/IMG_5604-1536x1152.jpg 1536w, http:\/\/jugendtreffmetro.ch\/wp-content\/uploads\/2021\/03\/IMG_5604-2048x1536.jpg 2048w\" sizes=\"(max-width: 1020px) 100vw, 1020px\" \/><\/a><figcaption>Resti<\/figcaption><\/figure>\n\n\n\n<p><\/p>\n","protected":false},"excerpt":{"rendered":"<p>Das ist der Jugendtreff von aussen. Der Standort ist zwischen der Schule, dem Gemeindegeb\u00e4ude und der reformierten Kirchgemeinde. Die Graffitis gestalten und f\u00fcllen unsere R\u00e4ume. Diese wurden von den Jugendlichen selbst gemacht. Im Sommer&#46;&#46;&#46;<\/p>\n","protected":false},"author":1,"featured_media":0,"parent":0,"menu_order":0,"comment_status":"closed","ping_status":"closed","template":"","meta":[],"_links":{"self":[{"href":"http:\/\/jugendtreffmetro.ch\/index.php?rest_route=\/wp\/v2\/pages\/77"}],"collection":[{"href":"http:\/\/jugendtreffmetro.ch\/index.php?rest_route=\/wp\/v2\/pages"}],"about":[{"href":"http:\/\/jugendtreffmetro.ch\/index.php?rest_route=\/wp\/v2\/types\/page"}],"author":[{"embeddable":true,"href":"http:\/\/jugendtreffmetro.ch\/index.php?rest_route=\/wp\/v2\/users\/1"}],"replies":[{"embeddable":true,"href":"http:\/\/jugendtreffmetro.ch\/index.php?rest_route=%2Fwp%2Fv2%2Fcomments&post=77"}],"version-history":[{"count":10,"href":"http:\/\/jugendtreffmetro.ch\/index.php?rest_route=\/wp\/v2\/pages\/77\/revisions"}],"predecessor-version":[{"id":709,"href":"http:\/\/jugendtreffmetro.ch\/index.php?rest_route=\/wp\/v2\/pages\/77\/revisions\/709"}],"wp:attachment":[{"href":"http:\/\/jugendtreffmetro.ch\/index.php?rest_route=%2Fwp%2Fv2%2Fmedia&parent=77"}],"curies":[{"name":"wp","href":"https:\/\/api.w.org\/{rel}","templated":true}]}}